{"id":32,"date":"2025-05-05T22:57:44","date_gmt":"2025-05-05T14:57:44","guid":{"rendered":"https:\/\/www.getyourdiploma.net\/?page_id=32"},"modified":"2026-04-23T03:33:20","modified_gmt":"2026-04-23T02:33:20","slug":"contact-us","status":"publish","type":"page","link":"https:\/\/www.getyourdiploma.net\/it\/contact-us\/","title":{"rendered":"Contattateci"},"content":{"rendered":"<div data-elementor-type=\"wp-page\" data-elementor-id=\"32\" class=\"elementor elementor-32\" data-elementor-post-type=\"page\">\n\t\t\t\t<div class=\"elementor-element elementor-element-85b1a50 e-flex e-con-boxed e-con e-parent\" data-id=\"85b1a50\" data-element_type=\"container\">\n\t\t\t\t\t<div class=\"e-con-inner\">\n\t\t\t\t<div class=\"elementor-element elementor-element-ca28d64 elementor-widget elementor-widget-heading\" data-id=\"ca28d64\" data-element_type=\"widget\" data-widget_type=\"heading.default\">\n\t\t\t\t\t<h1 class=\"elementor-heading-title elementor-size-default\">Contattateci<\/h1>\t\t\t\t<\/div>\n\t\t\t\t<div class=\"elementor-element elementor-element-f0db677 elementor-widget-divider--view-line elementor-widget elementor-widget-divider\" data-id=\"f0db677\" data-element_type=\"widget\" data-widget_type=\"divider.default\">\n\t\t\t\t\t\t\t<div class=\"elementor-divider\">\n\t\t\t<span class=\"elementor-divider-separator\">\n\t\t\t\t\t\t<\/span>\n\t\t<\/div>\n\t\t\t\t\t\t<\/div>\n\t\t\t\t<div class=\"elementor-element elementor-element-a095d8a elementor-widget elementor-widget-text-editor\" data-id=\"a095d8a\" data-element_type=\"widget\" data-widget_type=\"text-editor.default\">\n\t\t\t\t\t\t\t\t\t<p>Siete stanchi di essere scartati per una promozione perch\u00e9 non avete una laurea? Promozione, prestigio, migliori prospettive di lavoro e maggiore capacit\u00e0 di guadagno sono solo alcuni dei vantaggi offerti da <a href=\"https:\/\/www.getyourdiploma.net\/it\/\">in possesso di una laurea.<\/a><\/p><p>\u00c8 risaputo che un'universit\u00e0 pu\u00f2 giovare alla vostra vita e al vostro lavoro. Perci\u00f2 potete contattarci se volete guadagnare velocemente. In questo modo potrete ottenere benefici inimmaginabili.<\/p><p>Quattro modi per contattarci: WhatsAPP, Telegram, Email, WeChat...<br \/>Tutti i giorni, dalle 8:00 alle 23:00.<\/p>\t\t\t\t\t\t\t\t<\/div>\n\t\t\t\t\t<\/div>\n\t\t\t\t<\/div>\n\t\t<div class=\"elementor-element elementor-element-4632fed e-flex e-con-boxed e-con e-parent\" data-id=\"4632fed\" data-element_type=\"container\">\n\t\t\t\t\t<div class=\"e-con-inner\">\n\t\t<div class=\"elementor-element elementor-element-6dd38a1 e-con-full e-flex e-con e-child\" data-id=\"6dd38a1\" data-element_type=\"container\">\n\t\t\t\t<div class=\"elementor-element elementor-element-65fd3b4 elementor-widget elementor-widget-image\" data-id=\"65fd3b4\" data-element_type=\"widget\" data-widget_type=\"image.default\">\n\t\t\t\t\t\t\t\t\t\t\t\t\t\t\t<img fetchpriority=\"high\" decoding=\"async\" width=\"800\" height=\"725\" src=\"https:\/\/www.getyourdiploma.net\/wp-content\/uploads\/2025\/05\/contact.jpg\" class=\"attachment-large size-large wp-image-565\" alt=\"\" srcset=\"https:\/\/www.getyourdiploma.net\/wp-content\/uploads\/2025\/05\/contact.jpg 1000w, https:\/\/www.getyourdiploma.net\/wp-content\/uploads\/2025\/05\/contact-300x272.jpg 300w, https:\/\/www.getyourdiploma.net\/wp-content\/uploads\/2025\/05\/contact-768x696.jpg 768w\" sizes=\"(max-width: 800px) 100vw, 800px\" \/>\t\t\t\t\t\t\t\t\t\t\t\t\t\t\t<\/div>\n\t\t\t\t<\/div>\n\t\t<div class=\"elementor-element elementor-element-ca3cccb e-con-full e-grid e-con e-child\" data-id=\"ca3cccb\" data-element_type=\"container\">\n\t\t\t\t<div class=\"elementor-element elementor-element-bf59dcf elementor-position-top elementor-widget elementor-widget-image-box\" data-id=\"bf59dcf\" data-element_type=\"widget\" data-widget_type=\"image-box.default\">\n\t\t\t\t\t<div class=\"elementor-image-box-wrapper\"><figure class=\"elementor-image-box-img\"><img decoding=\"async\" width=\"110\" height=\"108\" src=\"https:\/\/www.getyourdiploma.net\/wp-content\/uploads\/2025\/05\/wx.jpg\" class=\"attachment-full size-full wp-image-554\" alt=\"\" \/><\/figure><div class=\"elementor-image-box-content\"><h3 class=\"elementor-image-box-title\">Wechat<\/h3><p class=\"elementor-image-box-description\">K3025150992<\/p><\/div><\/div>\t\t\t\t<\/div>\n\t\t\t\t<div class=\"elementor-element elementor-element-cf6443c elementor-position-top elementor-widget elementor-widget-image-box\" data-id=\"cf6443c\" data-element_type=\"widget\" data-widget_type=\"image-box.default\">\n\t\t\t\t\t<div class=\"elementor-image-box-wrapper\"><figure class=\"elementor-image-box-img\"><a href=\"https:\/\/api.whatsapp.com\/send\/?phone=8613316498029&#038;text&#038;type=phone_number&#038;app_absent=0\" tabindex=\"-1\"><img decoding=\"async\" width=\"314\" height=\"314\" src=\"https:\/\/www.getyourdiploma.net\/wp-content\/uploads\/2025\/05\/Whatsapp.png\" class=\"attachment-full size-full wp-image-548\" alt=\"\" srcset=\"https:\/\/www.getyourdiploma.net\/wp-content\/uploads\/2025\/05\/Whatsapp.png 314w, https:\/\/www.getyourdiploma.net\/wp-content\/uploads\/2025\/05\/Whatsapp-300x300.png 300w, https:\/\/www.getyourdiploma.net\/wp-content\/uploads\/2025\/05\/Whatsapp-150x150.png 150w\" sizes=\"(max-width: 314px) 100vw, 314px\" \/><\/a><\/figure><div class=\"elementor-image-box-content\"><h3 class=\"elementor-image-box-title\"><a href=\"https:\/\/api.whatsapp.com\/send\/?phone=8613316498029&#038;text&#038;type=phone_number&#038;app_absent=0\">Whatsapp<\/a><\/h3><p class=\"elementor-image-box-description\">+86 18927479562\n<\/p><\/div><\/div>\t\t\t\t<\/div>\n\t\t\t\t<div class=\"elementor-element elementor-element-9746efd elementor-position-top elementor-widget elementor-widget-image-box\" data-id=\"9746efd\" data-element_type=\"widget\" data-widget_type=\"image-box.default\">\n\t\t\t\t\t<div class=\"elementor-image-box-wrapper\"><figure class=\"elementor-image-box-img\"><img loading=\"lazy\" decoding=\"async\" width=\"314\" height=\"235\" src=\"https:\/\/www.getyourdiploma.net\/wp-content\/uploads\/2025\/05\/Email.png\" class=\"attachment-full size-full wp-image-552\" alt=\"\" srcset=\"https:\/\/www.getyourdiploma.net\/wp-content\/uploads\/2025\/05\/Email.png 314w, https:\/\/www.getyourdiploma.net\/wp-content\/uploads\/2025\/05\/Email-300x225.png 300w\" sizes=\"(max-width: 314px) 100vw, 314px\" \/><\/figure><div class=\"elementor-image-box-content\"><h3 class=\"elementor-image-box-title\">Email<\/h3><p class=\"elementor-image-box-description\">docs-sale@outlook.com\n<\/p><\/div><\/div>\t\t\t\t<\/div>\n\t\t\t\t<\/div>\n\t\t\t\t\t<\/div>\n\t\t\t\t<\/div>\n\t\t\t\t<\/div>","protected":false},"excerpt":{"rendered":"<p>Tired of being passed over for promotion because you do not have a university degree? Promotion, prestige, better job prospects and higher earning power are just some of the benefits of holding a college degree. It is a known fact that a university can benefit your life and work. So you can contact us if [&hellip;]<\/p>\n","protected":false},"author":1,"featured_media":0,"parent":0,"menu_order":0,"comment_status":"closed","ping_status":"closed","template":"","meta":{"footnotes":""},"class_list":["post-32","page","type-page","status-publish","hentry"],"yoast_head":"<!-- This site is optimized with the Yoast SEO plugin v27.4 - https:\/\/yoast.com\/product\/yoast-seo-wordpress\/ -->\n<title>Contact Us | Professional Custom Replica &amp; High-Quality Documents<\/title>\n<meta name=\"description\" content=\"Have questions about custom replicas? Contact the [getyourdiploma] team. We provide expert advice, detailed quotes, and support to ensure your specific document needs are met with precision.\" \/>\n<meta name=\"robots\" content=\"index, follow, max-snippet:-1, max-image-preview:large, max-video-preview:-1\" \/>\n<link rel=\"canonical\" href=\"https:\/\/www.getyourdiploma.net\/it\/contact-us\/\" \/>\n<meta property=\"og:locale\" content=\"it_IT\" \/>\n<meta property=\"og:type\" content=\"article\" \/>\n<meta property=\"og:title\" content=\"Contact Us | Professional Custom Replica &amp; High-Quality Documents\" \/>\n<meta property=\"og:description\" content=\"Have questions about custom replicas? Contact the [getyourdiploma] team. We provide expert advice, detailed quotes, and support to ensure your specific document needs are met with precision.\" \/>\n<meta property=\"og:url\" content=\"https:\/\/www.getyourdiploma.net\/it\/contact-us\/\" \/>\n<meta property=\"og:site_name\" content=\"Get your diploma online|The Fastest Solution to Get Diploma\" \/>\n<meta property=\"article:modified_time\" content=\"2026-04-23T02:33:20+00:00\" \/>\n<meta property=\"og:image\" content=\"https:\/\/www.getyourdiploma.net\/wp-content\/uploads\/2025\/05\/contact.jpg\" \/>\n<meta name=\"twitter:card\" content=\"summary_large_image\" \/>\n<meta name=\"twitter:label1\" content=\"Tempo di lettura stimato\" \/>\n\t<meta name=\"twitter:data1\" content=\"2 minuti\" \/>\n<script type=\"application\/ld+json\" class=\"yoast-schema-graph\">{\"@context\":\"https:\\\/\\\/schema.org\",\"@graph\":[{\"@type\":\"WebPage\",\"@id\":\"https:\\\/\\\/www.getyourdiploma.net\\\/contact-us\\\/\",\"url\":\"https:\\\/\\\/www.getyourdiploma.net\\\/contact-us\\\/\",\"name\":\"Contact Us | Professional Custom Replica & High-Quality Documents\",\"isPartOf\":{\"@id\":\"https:\\\/\\\/www.getyourdiploma.net\\\/#website\"},\"primaryImageOfPage\":{\"@id\":\"https:\\\/\\\/www.getyourdiploma.net\\\/contact-us\\\/#primaryimage\"},\"image\":{\"@id\":\"https:\\\/\\\/www.getyourdiploma.net\\\/contact-us\\\/#primaryimage\"},\"thumbnailUrl\":\"https:\\\/\\\/www.getyourdiploma.net\\\/wp-content\\\/uploads\\\/2025\\\/05\\\/contact.jpg\",\"datePublished\":\"2025-05-05T14:57:44+00:00\",\"dateModified\":\"2026-04-23T02:33:20+00:00\",\"description\":\"Have questions about custom replicas? Contact the [getyourdiploma] team. We provide expert advice, detailed quotes, and support to ensure your specific document needs are met with precision.\",\"breadcrumb\":{\"@id\":\"https:\\\/\\\/www.getyourdiploma.net\\\/contact-us\\\/#breadcrumb\"},\"inLanguage\":\"it-IT\",\"potentialAction\":[{\"@type\":\"ReadAction\",\"target\":[\"https:\\\/\\\/www.getyourdiploma.net\\\/contact-us\\\/\"]}]},{\"@type\":\"ImageObject\",\"inLanguage\":\"it-IT\",\"@id\":\"https:\\\/\\\/www.getyourdiploma.net\\\/contact-us\\\/#primaryimage\",\"url\":\"https:\\\/\\\/www.getyourdiploma.net\\\/wp-content\\\/uploads\\\/2025\\\/05\\\/contact.jpg\",\"contentUrl\":\"https:\\\/\\\/www.getyourdiploma.net\\\/wp-content\\\/uploads\\\/2025\\\/05\\\/contact.jpg\"},{\"@type\":\"BreadcrumbList\",\"@id\":\"https:\\\/\\\/www.getyourdiploma.net\\\/contact-us\\\/#breadcrumb\",\"itemListElement\":[{\"@type\":\"ListItem\",\"position\":1,\"name\":\"Home\",\"item\":\"https:\\\/\\\/www.getyourdiploma.net\\\/\"},{\"@type\":\"ListItem\",\"position\":2,\"name\":\"Contact us\"}]},{\"@type\":\"WebSite\",\"@id\":\"https:\\\/\\\/www.getyourdiploma.net\\\/#website\",\"url\":\"https:\\\/\\\/www.getyourdiploma.net\\\/\",\"name\":\"Get your diploma online|The Fastest Solution to Get Diploma\",\"description\":\"\",\"publisher\":{\"@id\":\"https:\\\/\\\/www.getyourdiploma.net\\\/#organization\"},\"potentialAction\":[{\"@type\":\"SearchAction\",\"target\":{\"@type\":\"EntryPoint\",\"urlTemplate\":\"https:\\\/\\\/www.getyourdiploma.net\\\/?s={search_term_string}\"},\"query-input\":{\"@type\":\"PropertyValueSpecification\",\"valueRequired\":true,\"valueName\":\"search_term_string\"}}],\"inLanguage\":\"it-IT\"},{\"@type\":\"Organization\",\"@id\":\"https:\\\/\\\/www.getyourdiploma.net\\\/#organization\",\"name\":\"Get your diploma online|The Fastest Solution to Get Diploma\",\"url\":\"https:\\\/\\\/www.getyourdiploma.net\\\/\",\"logo\":{\"@type\":\"ImageObject\",\"inLanguage\":\"it-IT\",\"@id\":\"https:\\\/\\\/www.getyourdiploma.net\\\/#\\\/schema\\\/logo\\\/image\\\/\",\"url\":\"https:\\\/\\\/www.getyourdiploma.net\\\/wp-content\\\/uploads\\\/2025\\\/05\\\/logo.jpg\",\"contentUrl\":\"https:\\\/\\\/www.getyourdiploma.net\\\/wp-content\\\/uploads\\\/2025\\\/05\\\/logo.jpg\",\"width\":800,\"height\":662,\"caption\":\"Get your diploma online|The Fastest Solution to Get Diploma\"},\"image\":{\"@id\":\"https:\\\/\\\/www.getyourdiploma.net\\\/#\\\/schema\\\/logo\\\/image\\\/\"}}]}<\/script>\n<!-- \/ Yoast SEO plugin. -->","yoast_head_json":{"title":"Contact Us | Professional Custom Replica & High-Quality Documents","description":"Have questions about custom replicas? Contact the [getyourdiploma] team. We provide expert advice, detailed quotes, and support to ensure your specific document needs are met with precision.","robots":{"index":"index","follow":"follow","max-snippet":"max-snippet:-1","max-image-preview":"max-image-preview:large","max-video-preview":"max-video-preview:-1"},"canonical":"https:\/\/www.getyourdiploma.net\/it\/contact-us\/","og_locale":"it_IT","og_type":"article","og_title":"Contact Us | Professional Custom Replica & High-Quality Documents","og_description":"Have questions about custom replicas? Contact the [getyourdiploma] team. We provide expert advice, detailed quotes, and support to ensure your specific document needs are met with precision.","og_url":"https:\/\/www.getyourdiploma.net\/it\/contact-us\/","og_site_name":"Get your diploma online|The Fastest Solution to Get Diploma","article_modified_time":"2026-04-23T02:33:20+00:00","og_image":[{"url":"https:\/\/www.getyourdiploma.net\/wp-content\/uploads\/2025\/05\/contact.jpg","type":"","width":"","height":""}],"twitter_card":"summary_large_image","twitter_misc":{"Tempo di lettura stimato":"2 minuti"},"schema":{"@context":"https:\/\/schema.org","@graph":[{"@type":"WebPage","@id":"https:\/\/www.getyourdiploma.net\/contact-us\/","url":"https:\/\/www.getyourdiploma.net\/contact-us\/","name":"Contact Us | Professional Custom Replica & High-Quality Documents","isPartOf":{"@id":"https:\/\/www.getyourdiploma.net\/#website"},"primaryImageOfPage":{"@id":"https:\/\/www.getyourdiploma.net\/contact-us\/#primaryimage"},"image":{"@id":"https:\/\/www.getyourdiploma.net\/contact-us\/#primaryimage"},"thumbnailUrl":"https:\/\/www.getyourdiploma.net\/wp-content\/uploads\/2025\/05\/contact.jpg","datePublished":"2025-05-05T14:57:44+00:00","dateModified":"2026-04-23T02:33:20+00:00","description":"Have questions about custom replicas? Contact the [getyourdiploma] team. We provide expert advice, detailed quotes, and support to ensure your specific document needs are met with precision.","breadcrumb":{"@id":"https:\/\/www.getyourdiploma.net\/contact-us\/#breadcrumb"},"inLanguage":"it-IT","potentialAction":[{"@type":"ReadAction","target":["https:\/\/www.getyourdiploma.net\/contact-us\/"]}]},{"@type":"ImageObject","inLanguage":"it-IT","@id":"https:\/\/www.getyourdiploma.net\/contact-us\/#primaryimage","url":"https:\/\/www.getyourdiploma.net\/wp-content\/uploads\/2025\/05\/contact.jpg","contentUrl":"https:\/\/www.getyourdiploma.net\/wp-content\/uploads\/2025\/05\/contact.jpg"},{"@type":"BreadcrumbList","@id":"https:\/\/www.getyourdiploma.net\/contact-us\/#breadcrumb","itemListElement":[{"@type":"ListItem","position":1,"name":"Home","item":"https:\/\/www.getyourdiploma.net\/"},{"@type":"ListItem","position":2,"name":"Contact us"}]},{"@type":"WebSite","@id":"https:\/\/www.getyourdiploma.net\/#website","url":"https:\/\/www.getyourdiploma.net\/","name":"Get your diploma online|The Fastest Solution to Get Diploma","description":"","publisher":{"@id":"https:\/\/www.getyourdiploma.net\/#organization"},"potentialAction":[{"@type":"SearchAction","target":{"@type":"EntryPoint","urlTemplate":"https:\/\/www.getyourdiploma.net\/?s={search_term_string}"},"query-input":{"@type":"PropertyValueSpecification","valueRequired":true,"valueName":"search_term_string"}}],"inLanguage":"it-IT"},{"@type":"Organization","@id":"https:\/\/www.getyourdiploma.net\/#organization","name":"Get your diploma online|The Fastest Solution to Get Diploma","url":"https:\/\/www.getyourdiploma.net\/","logo":{"@type":"ImageObject","inLanguage":"it-IT","@id":"https:\/\/www.getyourdiploma.net\/#\/schema\/logo\/image\/","url":"https:\/\/www.getyourdiploma.net\/wp-content\/uploads\/2025\/05\/logo.jpg","contentUrl":"https:\/\/www.getyourdiploma.net\/wp-content\/uploads\/2025\/05\/logo.jpg","width":800,"height":662,"caption":"Get your diploma online|The Fastest Solution to Get Diploma"},"image":{"@id":"https:\/\/www.getyourdiploma.net\/#\/schema\/logo\/image\/"}}]}},"_links":{"self":[{"href":"https:\/\/www.getyourdiploma.net\/it\/wp-json\/wp\/v2\/pages\/32","targetHints":{"allow":["GET"]}}],"collection":[{"href":"https:\/\/www.getyourdiploma.net\/it\/wp-json\/wp\/v2\/pages"}],"about":[{"href":"https:\/\/www.getyourdiploma.net\/it\/wp-json\/wp\/v2\/types\/page"}],"author":[{"embeddable":true,"href":"https:\/\/www.getyourdiploma.net\/it\/wp-json\/wp\/v2\/users\/1"}],"replies":[{"embeddable":true,"href":"https:\/\/www.getyourdiploma.net\/it\/wp-json\/wp\/v2\/comments?post=32"}],"version-history":[{"count":28,"href":"https:\/\/www.getyourdiploma.net\/it\/wp-json\/wp\/v2\/pages\/32\/revisions"}],"predecessor-version":[{"id":4984,"href":"https:\/\/www.getyourdiploma.net\/it\/wp-json\/wp\/v2\/pages\/32\/revisions\/4984"}],"wp:attachment":[{"href":"https:\/\/www.getyourdiploma.net\/it\/wp-json\/wp\/v2\/media?parent=32"}],"curies":[{"name":"wp","href":"https:\/\/api.w.org\/{rel}","templated":true}]}}