{"id":24,"date":"2025-05-05T22:56:38","date_gmt":"2025-05-05T14:56:38","guid":{"rendered":"https:\/\/www.getyourdiploma.net\/?page_id=24"},"modified":"2026-04-23T03:30:22","modified_gmt":"2026-04-23T02:30:22","slug":"about-us","status":"publish","type":"page","link":"https:\/\/www.getyourdiploma.net\/it\/about-us\/","title":{"rendered":"SU DI NOI"},"content":{"rendered":"<div data-elementor-type=\"wp-page\" data-elementor-id=\"24\" class=\"elementor elementor-24\" data-elementor-post-type=\"page\">\n\t\t\t\t<div class=\"elementor-element elementor-element-2e37b9b e-flex e-con-boxed e-con e-parent\" data-id=\"2e37b9b\" data-element_type=\"container\">\n\t\t\t\t\t<div class=\"e-con-inner\">\n\t\t\t\t<div class=\"elementor-element elementor-element-b833657 elementor-widget elementor-widget-heading\" data-id=\"b833657\" data-element_type=\"widget\" data-widget_type=\"heading.default\">\n\t\t\t\t\t<h1 class=\"elementor-heading-title elementor-size-default\">SU DI NOI<\/h1>\t\t\t\t<\/div>\n\t\t\t\t<div class=\"elementor-element elementor-element-f450544 elementor-widget-divider--view-line elementor-widget elementor-widget-divider\" data-id=\"f450544\" data-element_type=\"widget\" data-widget_type=\"divider.default\">\n\t\t\t\t\t\t\t<div class=\"elementor-divider\">\n\t\t\t<span class=\"elementor-divider-separator\">\n\t\t\t\t\t\t<\/span>\n\t\t<\/div>\n\t\t\t\t\t\t<\/div>\n\t\t\t\t<div class=\"elementor-element elementor-element-d06210f elementor-widget elementor-widget-text-editor\" data-id=\"d06210f\" data-element_type=\"widget\" data-widget_type=\"text-editor.default\">\n\t\t\t\t\t\t\t\t\t<p>Since its establishment in 2015, getyourdiploma has focused on providing one-stop universitydiploma and transcript processing services for international students around the world.<\/p>\t\t\t\t\t\t\t\t<\/div>\n\t\t<div class=\"elementor-element elementor-element-e17130e e-con-full e-flex e-con e-child\" data-id=\"e17130e\" data-element_type=\"container\">\n\t\t\t\t<div class=\"elementor-element elementor-element-d0adb4b elementor-widget elementor-widget-image\" data-id=\"d0adb4b\" data-element_type=\"widget\" data-widget_type=\"image.default\">\n\t\t\t\t\t\t\t\t\t\t\t\t\t\t\t<img fetchpriority=\"high\" decoding=\"async\" width=\"800\" height=\"532\" src=\"https:\/\/www.getyourdiploma.net\/wp-content\/uploads\/2025\/05\/About-us-1-.jpg\" class=\"attachment-large size-large wp-image-409\" alt=\"\" srcset=\"https:\/\/www.getyourdiploma.net\/wp-content\/uploads\/2025\/05\/About-us-1-.jpg 800w, https:\/\/www.getyourdiploma.net\/wp-content\/uploads\/2025\/05\/About-us-1--300x200.jpg 300w, https:\/\/www.getyourdiploma.net\/wp-content\/uploads\/2025\/05\/About-us-1--768x511.jpg 768w\" sizes=\"(max-width: 800px) 100vw, 800px\" \/>\t\t\t\t\t\t\t\t\t\t\t\t\t\t\t<\/div>\n\t\t\t\t<div class=\"elementor-element elementor-element-34f5d84 elementor-widget elementor-widget-text-editor\" data-id=\"34f5d84\" data-element_type=\"widget\" data-widget_type=\"text-editor.default\">\n\t\t\t\t\t\t\t\t\t<p>Disponiamo di un team di progettazione esperto, di un team di vendita preciso e di un team di post-vendita professionale e ci impegniamo a fornire a ogni cliente un servizio completo e attento. Il nostro team si attiene sempre al principio \u201cla qualit\u00e0 prima di tutto\u201d per garantire che ogni diploma e trascrizione possa ottenere un perfetto effetto di restauro one-to-one.<\/p>\t\t\t\t\t\t\t\t<\/div>\n\t\t\t\t<\/div>\n\t\t<div class=\"elementor-element elementor-element-7fca933 e-con-full e-flex e-con e-child\" data-id=\"7fca933\" data-element_type=\"container\">\n\t\t\t\t<div class=\"elementor-element elementor-element-6405c1e elementor-widget elementor-widget-text-editor\" data-id=\"6405c1e\" data-element_type=\"widget\" data-widget_type=\"text-editor.default\">\n\t\t\t\t\t\t\t\t\t<p>Forniamo servizi personalizzati di alta qualit\u00e0 in tutto il mondo.Tutti gli ordini sono completati entro 7 giorni e il supporto online 24 ore su 24 \u00e8 fornito per garantire che i clienti possano ottenere aiuto in qualsiasi momento.Al fine di rendere i clienti pi\u00f9 a loro agio, sosteniamo i servizi di rimborso e implementiamo rigorosamente la consegna riservata. Dopo il completamento dell'ordine, i dati relativi saranno cancellati in tempo per garantire la sicurezza delle informazioni.<\/p>\t\t\t\t\t\t\t\t<\/div>\n\t\t\t\t<div class=\"elementor-element elementor-element-ee33512 elementor-widget elementor-widget-image\" data-id=\"ee33512\" data-element_type=\"widget\" data-widget_type=\"image.default\">\n\t\t\t\t\t\t\t\t\t\t\t\t\t\t\t<img decoding=\"async\" width=\"800\" height=\"800\" src=\"https:\/\/www.getyourdiploma.net\/wp-content\/uploads\/2025\/05\/About-us-2-.jpg\" class=\"attachment-large size-large wp-image-410\" alt=\"\" srcset=\"https:\/\/www.getyourdiploma.net\/wp-content\/uploads\/2025\/05\/About-us-2-.jpg 800w, https:\/\/www.getyourdiploma.net\/wp-content\/uploads\/2025\/05\/About-us-2--300x300.jpg 300w, https:\/\/www.getyourdiploma.net\/wp-content\/uploads\/2025\/05\/About-us-2--150x150.jpg 150w, https:\/\/www.getyourdiploma.net\/wp-content\/uploads\/2025\/05\/About-us-2--768x768.jpg 768w\" sizes=\"(max-width: 800px) 100vw, 800px\" \/>\t\t\t\t\t\t\t\t\t\t\t\t\t\t\t<\/div>\n\t\t\t\t<\/div>\n\t\t\t\t<div class=\"elementor-element elementor-element-ede2825 elementor-widget elementor-widget-text-editor\" data-id=\"ede2825\" data-element_type=\"widget\" data-widget_type=\"text-editor.default\">\n\t\t\t\t\t\t\t\t\t<p>Il nostro team di progettisti professionisti ha acquisito la padronanza di una serie di processi avanzati per la produzione di certificati, tra cui timbri in acciaio, stampa a caldo del LOGO, filigrane, anticontraffazione, laser, fluorescenza ultravioletta, goffratura, microtesti, strati fluorescenti ultravioletti ed elementi invisibili in rilievo UV, ecc. Che si tratti della scelta dei materiali o della lucidatura dei dettagli, ci impegniamo a migliorare costantemente e a fornire ai clienti i prodotti pi\u00f9 soddisfacenti.<\/p>\t\t\t\t\t\t\t\t<\/div>\n\t\t\t\t<div class=\"elementor-element elementor-element-cdee64d elementor-widget elementor-widget-image\" data-id=\"cdee64d\" data-element_type=\"widget\" data-widget_type=\"image.default\">\n\t\t\t\t\t\t\t\t\t\t\t\t\t\t\t<img decoding=\"async\" width=\"1200\" height=\"123\" src=\"https:\/\/www.getyourdiploma.net\/wp-content\/uploads\/2025\/05\/About-us-3-.jpg\" class=\"attachment-full size-full wp-image-420\" alt=\"\" srcset=\"https:\/\/www.getyourdiploma.net\/wp-content\/uploads\/2025\/05\/About-us-3-.jpg 1200w, https:\/\/www.getyourdiploma.net\/wp-content\/uploads\/2025\/05\/About-us-3--300x31.jpg 300w, https:\/\/www.getyourdiploma.net\/wp-content\/uploads\/2025\/05\/About-us-3--1024x105.jpg 1024w, https:\/\/www.getyourdiploma.net\/wp-content\/uploads\/2025\/05\/About-us-3--768x79.jpg 768w\" sizes=\"(max-width: 1200px) 100vw, 1200px\" \/>\t\t\t\t\t\t\t\t\t\t\t\t\t\t\t<\/div>\n\t\t\t\t<div class=\"elementor-element elementor-element-60667b3 elementor-widget elementor-widget-text-editor\" data-id=\"60667b3\" data-element_type=\"widget\" data-widget_type=\"text-editor.default\">\n\t\t\t\t\t\t\t\t\t<p>Grazie ai diversi metodi di pagamento e ai comodi processi di assistenza, ogni cliente pu\u00f2 godere di un'esperienza di servizio di alta qualit\u00e0 e senza preoccupazioni. Non importa dove vi troviate, possiamo consegnare il vostro diploma in tutta sicurezza attraverso servizi di logistica veloce, aiutando gli studenti internazionali a risolvere facilmente i problemi accademici e ad aprirsi un pi\u00f9 ampio spazio di sviluppo professionale. Scegliere Dd Diploma significa scegliere professionalit\u00e0, affidabilit\u00e0 e tranquillit\u00e0!<\/p>\t\t\t\t\t\t\t\t<\/div>\n\t\t\t\t\t<\/div>\n\t\t\t\t<\/div>\n\t\t\t\t<\/div>","protected":false},"excerpt":{"rendered":"<p>Since its establishment in 2015, getyourdiploma has focused on providing one-stop universitydiploma and transcript processing services for international students around the world. We have an experienced design team, a precise sales team and aprofessional after-sales team, and are committed to providing everycustomer with full and considerate service. Our team alwaysadheres to the principle of &#8220;quality [&hellip;]<\/p>\n","protected":false},"author":1,"featured_media":0,"parent":0,"menu_order":0,"comment_status":"closed","ping_status":"closed","template":"","meta":{"footnotes":""},"class_list":["post-24","page","type-page","status-publish","hentry"],"yoast_head":"<!-- This site is optimized with the Yoast SEO plugin v27.4 - https:\/\/yoast.com\/product\/yoast-seo-wordpress\/ -->\n<title>About [getyourdiploma] | 10+ Years of Excellence in High-Quality Custom Document Replicas<\/title>\n<meta name=\"description\" content=\"Discover [getyourdiploma], the industry leader in premium custom replicas. We specialize in high-fidelity textures, gold foiling, and security patterns. With 10+ years of expertise and global shipping, we ensure unmatched quality and privacy for every client. Contact our expert team today for your personalized solution!\" \/>\n<meta name=\"robots\" content=\"index, follow, max-snippet:-1, max-image-preview:large, max-video-preview:-1\" \/>\n<link rel=\"canonical\" href=\"https:\/\/www.getyourdiploma.net\/it\/about-us\/\" \/>\n<meta property=\"og:locale\" content=\"it_IT\" \/>\n<meta property=\"og:type\" content=\"article\" \/>\n<meta property=\"og:title\" content=\"About [getyourdiploma] | 10+ Years of Excellence in High-Quality Custom Document Replicas\" \/>\n<meta property=\"og:description\" content=\"Discover [getyourdiploma], the industry leader in premium custom replicas. We specialize in high-fidelity textures, gold foiling, and security patterns. With 10+ years of expertise and global shipping, we ensure unmatched quality and privacy for every client. Contact our expert team today for your personalized solution!\" \/>\n<meta property=\"og:url\" content=\"https:\/\/www.getyourdiploma.net\/it\/about-us\/\" \/>\n<meta property=\"og:site_name\" content=\"Get your diploma online|The Fastest Solution to Get Diploma\" \/>\n<meta property=\"article:modified_time\" content=\"2026-04-23T02:30:22+00:00\" \/>\n<meta property=\"og:image\" content=\"https:\/\/www.getyourdiploma.net\/wp-content\/uploads\/2025\/05\/About-us-1-.jpg\" \/>\n<meta name=\"twitter:card\" content=\"summary_large_image\" \/>\n<meta name=\"twitter:label1\" content=\"Tempo di lettura stimato\" \/>\n\t<meta name=\"twitter:data1\" content=\"2 minuti\" \/>\n<script type=\"application\/ld+json\" class=\"yoast-schema-graph\">{\"@context\":\"https:\\\/\\\/schema.org\",\"@graph\":[{\"@type\":\"WebPage\",\"@id\":\"https:\\\/\\\/www.getyourdiploma.net\\\/about-us\\\/\",\"url\":\"https:\\\/\\\/www.getyourdiploma.net\\\/about-us\\\/\",\"name\":\"About [getyourdiploma] | 10+ Years of Excellence in High-Quality Custom Document Replicas\",\"isPartOf\":{\"@id\":\"https:\\\/\\\/www.getyourdiploma.net\\\/#website\"},\"primaryImageOfPage\":{\"@id\":\"https:\\\/\\\/www.getyourdiploma.net\\\/about-us\\\/#primaryimage\"},\"image\":{\"@id\":\"https:\\\/\\\/www.getyourdiploma.net\\\/about-us\\\/#primaryimage\"},\"thumbnailUrl\":\"https:\\\/\\\/www.getyourdiploma.net\\\/wp-content\\\/uploads\\\/2025\\\/05\\\/About-us-1-.jpg\",\"datePublished\":\"2025-05-05T14:56:38+00:00\",\"dateModified\":\"2026-04-23T02:30:22+00:00\",\"description\":\"Discover [getyourdiploma], the industry leader in premium custom replicas. We specialize in high-fidelity textures, gold foiling, and security patterns. With 10+ years of expertise and global shipping, we ensure unmatched quality and privacy for every client. Contact our expert team today for your personalized solution!\",\"breadcrumb\":{\"@id\":\"https:\\\/\\\/www.getyourdiploma.net\\\/about-us\\\/#breadcrumb\"},\"inLanguage\":\"it-IT\",\"potentialAction\":[{\"@type\":\"ReadAction\",\"target\":[\"https:\\\/\\\/www.getyourdiploma.net\\\/about-us\\\/\"]}]},{\"@type\":\"ImageObject\",\"inLanguage\":\"it-IT\",\"@id\":\"https:\\\/\\\/www.getyourdiploma.net\\\/about-us\\\/#primaryimage\",\"url\":\"https:\\\/\\\/www.getyourdiploma.net\\\/wp-content\\\/uploads\\\/2025\\\/05\\\/About-us-1-.jpg\",\"contentUrl\":\"https:\\\/\\\/www.getyourdiploma.net\\\/wp-content\\\/uploads\\\/2025\\\/05\\\/About-us-1-.jpg\"},{\"@type\":\"BreadcrumbList\",\"@id\":\"https:\\\/\\\/www.getyourdiploma.net\\\/about-us\\\/#breadcrumb\",\"itemListElement\":[{\"@type\":\"ListItem\",\"position\":1,\"name\":\"Home\",\"item\":\"https:\\\/\\\/www.getyourdiploma.net\\\/\"},{\"@type\":\"ListItem\",\"position\":2,\"name\":\"ABOUT US\"}]},{\"@type\":\"WebSite\",\"@id\":\"https:\\\/\\\/www.getyourdiploma.net\\\/#website\",\"url\":\"https:\\\/\\\/www.getyourdiploma.net\\\/\",\"name\":\"Get your diploma online|The Fastest Solution to Get Diploma\",\"description\":\"\",\"publisher\":{\"@id\":\"https:\\\/\\\/www.getyourdiploma.net\\\/#organization\"},\"potentialAction\":[{\"@type\":\"SearchAction\",\"target\":{\"@type\":\"EntryPoint\",\"urlTemplate\":\"https:\\\/\\\/www.getyourdiploma.net\\\/?s={search_term_string}\"},\"query-input\":{\"@type\":\"PropertyValueSpecification\",\"valueRequired\":true,\"valueName\":\"search_term_string\"}}],\"inLanguage\":\"it-IT\"},{\"@type\":\"Organization\",\"@id\":\"https:\\\/\\\/www.getyourdiploma.net\\\/#organization\",\"name\":\"Get your diploma online|The Fastest Solution to Get Diploma\",\"url\":\"https:\\\/\\\/www.getyourdiploma.net\\\/\",\"logo\":{\"@type\":\"ImageObject\",\"inLanguage\":\"it-IT\",\"@id\":\"https:\\\/\\\/www.getyourdiploma.net\\\/#\\\/schema\\\/logo\\\/image\\\/\",\"url\":\"https:\\\/\\\/www.getyourdiploma.net\\\/wp-content\\\/uploads\\\/2025\\\/05\\\/logo.jpg\",\"contentUrl\":\"https:\\\/\\\/www.getyourdiploma.net\\\/wp-content\\\/uploads\\\/2025\\\/05\\\/logo.jpg\",\"width\":800,\"height\":662,\"caption\":\"Get your diploma online|The Fastest Solution to Get Diploma\"},\"image\":{\"@id\":\"https:\\\/\\\/www.getyourdiploma.net\\\/#\\\/schema\\\/logo\\\/image\\\/\"}}]}<\/script>\n<!-- \/ Yoast SEO plugin. -->","yoast_head_json":{"title":"About [getyourdiploma] | 10+ Years of Excellence in High-Quality Custom Document Replicas","description":"Discover [getyourdiploma], the industry leader in premium custom replicas. We specialize in high-fidelity textures, gold foiling, and security patterns. With 10+ years of expertise and global shipping, we ensure unmatched quality and privacy for every client. Contact our expert team today for your personalized solution!","robots":{"index":"index","follow":"follow","max-snippet":"max-snippet:-1","max-image-preview":"max-image-preview:large","max-video-preview":"max-video-preview:-1"},"canonical":"https:\/\/www.getyourdiploma.net\/it\/about-us\/","og_locale":"it_IT","og_type":"article","og_title":"About [getyourdiploma] | 10+ Years of Excellence in High-Quality Custom Document Replicas","og_description":"Discover [getyourdiploma], the industry leader in premium custom replicas. We specialize in high-fidelity textures, gold foiling, and security patterns. With 10+ years of expertise and global shipping, we ensure unmatched quality and privacy for every client. Contact our expert team today for your personalized solution!","og_url":"https:\/\/www.getyourdiploma.net\/it\/about-us\/","og_site_name":"Get your diploma online|The Fastest Solution to Get Diploma","article_modified_time":"2026-04-23T02:30:22+00:00","og_image":[{"url":"https:\/\/www.getyourdiploma.net\/wp-content\/uploads\/2025\/05\/About-us-1-.jpg","type":"","width":"","height":""}],"twitter_card":"summary_large_image","twitter_misc":{"Tempo di lettura stimato":"2 minuti"},"schema":{"@context":"https:\/\/schema.org","@graph":[{"@type":"WebPage","@id":"https:\/\/www.getyourdiploma.net\/about-us\/","url":"https:\/\/www.getyourdiploma.net\/about-us\/","name":"About [getyourdiploma] | 10+ Years of Excellence in High-Quality Custom Document Replicas","isPartOf":{"@id":"https:\/\/www.getyourdiploma.net\/#website"},"primaryImageOfPage":{"@id":"https:\/\/www.getyourdiploma.net\/about-us\/#primaryimage"},"image":{"@id":"https:\/\/www.getyourdiploma.net\/about-us\/#primaryimage"},"thumbnailUrl":"https:\/\/www.getyourdiploma.net\/wp-content\/uploads\/2025\/05\/About-us-1-.jpg","datePublished":"2025-05-05T14:56:38+00:00","dateModified":"2026-04-23T02:30:22+00:00","description":"Discover [getyourdiploma], the industry leader in premium custom replicas. We specialize in high-fidelity textures, gold foiling, and security patterns. With 10+ years of expertise and global shipping, we ensure unmatched quality and privacy for every client. Contact our expert team today for your personalized solution!","breadcrumb":{"@id":"https:\/\/www.getyourdiploma.net\/about-us\/#breadcrumb"},"inLanguage":"it-IT","potentialAction":[{"@type":"ReadAction","target":["https:\/\/www.getyourdiploma.net\/about-us\/"]}]},{"@type":"ImageObject","inLanguage":"it-IT","@id":"https:\/\/www.getyourdiploma.net\/about-us\/#primaryimage","url":"https:\/\/www.getyourdiploma.net\/wp-content\/uploads\/2025\/05\/About-us-1-.jpg","contentUrl":"https:\/\/www.getyourdiploma.net\/wp-content\/uploads\/2025\/05\/About-us-1-.jpg"},{"@type":"BreadcrumbList","@id":"https:\/\/www.getyourdiploma.net\/about-us\/#breadcrumb","itemListElement":[{"@type":"ListItem","position":1,"name":"Home","item":"https:\/\/www.getyourdiploma.net\/"},{"@type":"ListItem","position":2,"name":"ABOUT US"}]},{"@type":"WebSite","@id":"https:\/\/www.getyourdiploma.net\/#website","url":"https:\/\/www.getyourdiploma.net\/","name":"Get your diploma online|The Fastest Solution to Get Diploma","description":"","publisher":{"@id":"https:\/\/www.getyourdiploma.net\/#organization"},"potentialAction":[{"@type":"SearchAction","target":{"@type":"EntryPoint","urlTemplate":"https:\/\/www.getyourdiploma.net\/?s={search_term_string}"},"query-input":{"@type":"PropertyValueSpecification","valueRequired":true,"valueName":"search_term_string"}}],"inLanguage":"it-IT"},{"@type":"Organization","@id":"https:\/\/www.getyourdiploma.net\/#organization","name":"Get your diploma online|The Fastest Solution to Get Diploma","url":"https:\/\/www.getyourdiploma.net\/","logo":{"@type":"ImageObject","inLanguage":"it-IT","@id":"https:\/\/www.getyourdiploma.net\/#\/schema\/logo\/image\/","url":"https:\/\/www.getyourdiploma.net\/wp-content\/uploads\/2025\/05\/logo.jpg","contentUrl":"https:\/\/www.getyourdiploma.net\/wp-content\/uploads\/2025\/05\/logo.jpg","width":800,"height":662,"caption":"Get your diploma online|The Fastest Solution to Get Diploma"},"image":{"@id":"https:\/\/www.getyourdiploma.net\/#\/schema\/logo\/image\/"}}]}},"_links":{"self":[{"href":"https:\/\/www.getyourdiploma.net\/it\/wp-json\/wp\/v2\/pages\/24","targetHints":{"allow":["GET"]}}],"collection":[{"href":"https:\/\/www.getyourdiploma.net\/it\/wp-json\/wp\/v2\/pages"}],"about":[{"href":"https:\/\/www.getyourdiploma.net\/it\/wp-json\/wp\/v2\/types\/page"}],"author":[{"embeddable":true,"href":"https:\/\/www.getyourdiploma.net\/it\/wp-json\/wp\/v2\/users\/1"}],"replies":[{"embeddable":true,"href":"https:\/\/www.getyourdiploma.net\/it\/wp-json\/wp\/v2\/comments?post=24"}],"version-history":[{"count":5,"href":"https:\/\/www.getyourdiploma.net\/it\/wp-json\/wp\/v2\/pages\/24\/revisions"}],"predecessor-version":[{"id":4983,"href":"https:\/\/www.getyourdiploma.net\/it\/wp-json\/wp\/v2\/pages\/24\/revisions\/4983"}],"wp:attachment":[{"href":"https:\/\/www.getyourdiploma.net\/it\/wp-json\/wp\/v2\/media?parent=24"}],"curies":[{"name":"wp","href":"https:\/\/api.w.org\/{rel}","templated":true}]}}