{"id":26,"date":"2025-05-05T22:56:54","date_gmt":"2025-05-05T14:56:54","guid":{"rendered":"https:\/\/www.getyourdiploma.net\/?page_id=26"},"modified":"2026-04-23T03:41:04","modified_gmt":"2026-04-23T02:41:04","slug":"payment-methods","status":"publish","type":"page","link":"https:\/\/www.getyourdiploma.net\/es\/payment-methods\/","title":{"rendered":"Formas de pago"},"content":{"rendered":"<div data-elementor-type=\"wp-page\" data-elementor-id=\"26\" class=\"elementor elementor-26\" data-elementor-post-type=\"page\">\n\t\t\t\t<div class=\"elementor-element elementor-element-05c7884 e-flex e-con-boxed e-con e-parent\" data-id=\"05c7884\" data-element_type=\"container\">\n\t\t\t\t\t<div class=\"e-con-inner\">\n\t\t\t\t<div class=\"elementor-element elementor-element-8244172 elementor-widget elementor-widget-heading\" data-id=\"8244172\" data-element_type=\"widget\" data-widget_type=\"heading.default\">\n\t\t\t\t\t<h1 class=\"elementor-heading-title elementor-size-default\">Formas de pago<\/h1>\t\t\t\t<\/div>\n\t\t\t\t<div class=\"elementor-element elementor-element-c22be68 elementor-widget-divider--view-line elementor-widget elementor-widget-divider\" data-id=\"c22be68\" data-element_type=\"widget\" data-widget_type=\"divider.default\">\n\t\t\t\t\t\t\t<div class=\"elementor-divider\">\n\t\t\t<span class=\"elementor-divider-separator\">\n\t\t\t\t\t\t<\/span>\n\t\t<\/div>\n\t\t\t\t\t\t<\/div>\n\t\t\t\t<div class=\"elementor-element elementor-element-9b7690b elementor-widget elementor-widget-text-editor\" data-id=\"9b7690b\" data-element_type=\"widget\" data-widget_type=\"text-editor.default\">\n\t\t\t\t\t\t\t\t\t<p>\u00bfQu\u00e9 m\u00e9todos de pago admite\uff1f?<\/p><p>Ofrecemos soluciones de pago diversificadas para mejorar la experiencia del cliente, que abarcan los principales pagos electr\u00f3nicos y los activos digitales modernos. Los canales de transacci\u00f3n disponibles incluyen tarjetas de cr\u00e9dito internacionales, transferencias bancarias transfronterizas, remesas urgentes internacionales de Western Union, transferencias instant\u00e1neas de Zellein, plataformas de pago transfronterizas de Xoom y son compatibles con criptoactivos de blockchain como Bitcoin y USDT.<\/p><p>Mecanismo de seguridad de los fondos<\/p><p>Siempre anteponemos la calidad del servicio y los derechos del cliente, y hemos establecido una reputaci\u00f3n de confianza en el mercado. El proceso de pago adopta un plan de cuotas flexible: tras el primer pago del anticipo 50%, el equipo profesional iniciar\u00e1 la verificaci\u00f3n de la informaci\u00f3n y la producci\u00f3n del borrador del documento; tras la revisi\u00f3n final y la confirmaci\u00f3n con el cliente, se puede completar la liquidaci\u00f3n del pago final para entrar en la fase de producci\u00f3n y entrega. Proporcionar especialmente PayPal y tarjetas de cr\u00e9dito y otras opciones de pago seguro con mecanismos de resoluci\u00f3n de disputas para garantizar plenamente la trazabilidad de los fondos.<\/p>\t\t\t\t\t\t\t\t<\/div>\n\t\t\t\t<div class=\"elementor-element elementor-element-ad57174 elementor-widget elementor-widget-image\" data-id=\"ad57174\" data-element_type=\"widget\" data-widget_type=\"image.default\">\n\t\t\t\t\t\t\t\t\t\t\t\t\t\t\t<img fetchpriority=\"high\" decoding=\"async\" width=\"1920\" height=\"236\" src=\"https:\/\/www.getyourdiploma.net\/wp-content\/uploads\/2025\/05\/Payment-methods.jpg\" class=\"attachment-full size-full wp-image-529\" alt=\"\" srcset=\"https:\/\/www.getyourdiploma.net\/wp-content\/uploads\/2025\/05\/Payment-methods.jpg 1920w, https:\/\/www.getyourdiploma.net\/wp-content\/uploads\/2025\/05\/Payment-methods-300x37.jpg 300w, https:\/\/www.getyourdiploma.net\/wp-content\/uploads\/2025\/05\/Payment-methods-1024x126.jpg 1024w, https:\/\/www.getyourdiploma.net\/wp-content\/uploads\/2025\/05\/Payment-methods-768x94.jpg 768w, https:\/\/www.getyourdiploma.net\/wp-content\/uploads\/2025\/05\/Payment-methods-1536x189.jpg 1536w\" sizes=\"(max-width: 1920px) 100vw, 1920px\" \/>\t\t\t\t\t\t\t\t\t\t\t\t\t\t\t<\/div>\n\t\t\t\t\t<\/div>\n\t\t\t\t<\/div>\n\t\t\t\t<\/div>","protected":false},"excerpt":{"rendered":"<p>What payment methods do you support\uff1f We provide diversified payment solutions to enhance customer experience, covering mainstream electronic payments and modern digital assets. Available transaction channels include international credit cards, cross-border wire transfers, Western Union international express remittances, Zelleinstant transfers, Xoom cross-border payment platforms, and are compatible with blockchain cryptoassets such as Bitcoin and USDT. [&hellip;]<\/p>\n","protected":false},"author":1,"featured_media":0,"parent":0,"menu_order":0,"comment_status":"closed","ping_status":"closed","template":"","meta":{"footnotes":""},"class_list":["post-26","page","type-page","status-publish","hentry"],"yoast_head":"<!-- This site is optimized with the Yoast SEO plugin v27.4 - https:\/\/yoast.com\/product\/yoast-seo-wordpress\/ -->\n<title>Secure Payment Methods | Flexible &amp; Private Checkout<\/title>\n<meta name=\"description\" content=\"Explore secure payment options at We offer encrypted checkouts via credit cards &amp; wallets to ensure your privacy. Shop with confidence now!\" \/>\n<meta name=\"robots\" content=\"index, follow, max-snippet:-1, max-image-preview:large, max-video-preview:-1\" \/>\n<link rel=\"canonical\" href=\"https:\/\/www.getyourdiploma.net\/es\/payment-methods\/\" \/>\n<meta property=\"og:locale\" content=\"es_ES\" \/>\n<meta property=\"og:type\" content=\"article\" \/>\n<meta property=\"og:title\" content=\"Secure Payment Methods | Flexible &amp; Private Checkout\" \/>\n<meta property=\"og:description\" content=\"Explore secure payment options at We offer encrypted checkouts via credit cards &amp; wallets to ensure your privacy. Shop with confidence now!\" \/>\n<meta property=\"og:url\" content=\"https:\/\/www.getyourdiploma.net\/es\/payment-methods\/\" \/>\n<meta property=\"og:site_name\" content=\"Get your diploma online|The Fastest Solution to Get Diploma\" \/>\n<meta property=\"article:modified_time\" content=\"2026-04-23T02:41:04+00:00\" \/>\n<meta property=\"og:image\" content=\"https:\/\/www.getyourdiploma.net\/wp-content\/uploads\/2025\/05\/Payment-methods.jpg\" \/>\n<meta name=\"twitter:card\" content=\"summary_large_image\" \/>\n<meta name=\"twitter:label1\" content=\"Tiempo de lectura\" \/>\n\t<meta name=\"twitter:data1\" content=\"1 minuto\" \/>\n<script type=\"application\/ld+json\" class=\"yoast-schema-graph\">{\"@context\":\"https:\\\/\\\/schema.org\",\"@graph\":[{\"@type\":\"WebPage\",\"@id\":\"https:\\\/\\\/www.getyourdiploma.net\\\/payment-methods\\\/\",\"url\":\"https:\\\/\\\/www.getyourdiploma.net\\\/payment-methods\\\/\",\"name\":\"Secure Payment Methods | Flexible & Private Checkout\",\"isPartOf\":{\"@id\":\"https:\\\/\\\/www.getyourdiploma.net\\\/#website\"},\"primaryImageOfPage\":{\"@id\":\"https:\\\/\\\/www.getyourdiploma.net\\\/payment-methods\\\/#primaryimage\"},\"image\":{\"@id\":\"https:\\\/\\\/www.getyourdiploma.net\\\/payment-methods\\\/#primaryimage\"},\"thumbnailUrl\":\"https:\\\/\\\/www.getyourdiploma.net\\\/wp-content\\\/uploads\\\/2025\\\/05\\\/Payment-methods.jpg\",\"datePublished\":\"2025-05-05T14:56:54+00:00\",\"dateModified\":\"2026-04-23T02:41:04+00:00\",\"description\":\"Explore secure payment options at We offer encrypted checkouts via credit cards & wallets to ensure your privacy. Shop with confidence now!\",\"breadcrumb\":{\"@id\":\"https:\\\/\\\/www.getyourdiploma.net\\\/payment-methods\\\/#breadcrumb\"},\"inLanguage\":\"es\",\"potentialAction\":[{\"@type\":\"ReadAction\",\"target\":[\"https:\\\/\\\/www.getyourdiploma.net\\\/payment-methods\\\/\"]}]},{\"@type\":\"ImageObject\",\"inLanguage\":\"es\",\"@id\":\"https:\\\/\\\/www.getyourdiploma.net\\\/payment-methods\\\/#primaryimage\",\"url\":\"https:\\\/\\\/www.getyourdiploma.net\\\/wp-content\\\/uploads\\\/2025\\\/05\\\/Payment-methods.jpg\",\"contentUrl\":\"https:\\\/\\\/www.getyourdiploma.net\\\/wp-content\\\/uploads\\\/2025\\\/05\\\/Payment-methods.jpg\"},{\"@type\":\"BreadcrumbList\",\"@id\":\"https:\\\/\\\/www.getyourdiploma.net\\\/payment-methods\\\/#breadcrumb\",\"itemListElement\":[{\"@type\":\"ListItem\",\"position\":1,\"name\":\"Home\",\"item\":\"https:\\\/\\\/www.getyourdiploma.net\\\/\"},{\"@type\":\"ListItem\",\"position\":2,\"name\":\"Payment Methods\"}]},{\"@type\":\"WebSite\",\"@id\":\"https:\\\/\\\/www.getyourdiploma.net\\\/#website\",\"url\":\"https:\\\/\\\/www.getyourdiploma.net\\\/\",\"name\":\"Get your diploma online|The Fastest Solution to Get Diploma\",\"description\":\"\",\"publisher\":{\"@id\":\"https:\\\/\\\/www.getyourdiploma.net\\\/#organization\"},\"potentialAction\":[{\"@type\":\"SearchAction\",\"target\":{\"@type\":\"EntryPoint\",\"urlTemplate\":\"https:\\\/\\\/www.getyourdiploma.net\\\/?s={search_term_string}\"},\"query-input\":{\"@type\":\"PropertyValueSpecification\",\"valueRequired\":true,\"valueName\":\"search_term_string\"}}],\"inLanguage\":\"es\"},{\"@type\":\"Organization\",\"@id\":\"https:\\\/\\\/www.getyourdiploma.net\\\/#organization\",\"name\":\"Get your diploma online|The Fastest Solution to Get Diploma\",\"url\":\"https:\\\/\\\/www.getyourdiploma.net\\\/\",\"logo\":{\"@type\":\"ImageObject\",\"inLanguage\":\"es\",\"@id\":\"https:\\\/\\\/www.getyourdiploma.net\\\/#\\\/schema\\\/logo\\\/image\\\/\",\"url\":\"https:\\\/\\\/www.getyourdiploma.net\\\/wp-content\\\/uploads\\\/2025\\\/05\\\/logo.jpg\",\"contentUrl\":\"https:\\\/\\\/www.getyourdiploma.net\\\/wp-content\\\/uploads\\\/2025\\\/05\\\/logo.jpg\",\"width\":800,\"height\":662,\"caption\":\"Get your diploma online|The Fastest Solution to Get Diploma\"},\"image\":{\"@id\":\"https:\\\/\\\/www.getyourdiploma.net\\\/#\\\/schema\\\/logo\\\/image\\\/\"}}]}<\/script>\n<!-- \/ Yoast SEO plugin. -->","yoast_head_json":{"title":"Secure Payment Methods | Flexible & Private Checkout","description":"Explore secure payment options at We offer encrypted checkouts via credit cards & wallets to ensure your privacy. Shop with confidence now!","robots":{"index":"index","follow":"follow","max-snippet":"max-snippet:-1","max-image-preview":"max-image-preview:large","max-video-preview":"max-video-preview:-1"},"canonical":"https:\/\/www.getyourdiploma.net\/es\/payment-methods\/","og_locale":"es_ES","og_type":"article","og_title":"Secure Payment Methods | Flexible & Private Checkout","og_description":"Explore secure payment options at We offer encrypted checkouts via credit cards & wallets to ensure your privacy. Shop with confidence now!","og_url":"https:\/\/www.getyourdiploma.net\/es\/payment-methods\/","og_site_name":"Get your diploma online|The Fastest Solution to Get Diploma","article_modified_time":"2026-04-23T02:41:04+00:00","og_image":[{"url":"https:\/\/www.getyourdiploma.net\/wp-content\/uploads\/2025\/05\/Payment-methods.jpg","type":"","width":"","height":""}],"twitter_card":"summary_large_image","twitter_misc":{"Tiempo de lectura":"1 minuto"},"schema":{"@context":"https:\/\/schema.org","@graph":[{"@type":"WebPage","@id":"https:\/\/www.getyourdiploma.net\/payment-methods\/","url":"https:\/\/www.getyourdiploma.net\/payment-methods\/","name":"Secure Payment Methods | Flexible & Private Checkout","isPartOf":{"@id":"https:\/\/www.getyourdiploma.net\/#website"},"primaryImageOfPage":{"@id":"https:\/\/www.getyourdiploma.net\/payment-methods\/#primaryimage"},"image":{"@id":"https:\/\/www.getyourdiploma.net\/payment-methods\/#primaryimage"},"thumbnailUrl":"https:\/\/www.getyourdiploma.net\/wp-content\/uploads\/2025\/05\/Payment-methods.jpg","datePublished":"2025-05-05T14:56:54+00:00","dateModified":"2026-04-23T02:41:04+00:00","description":"Explore secure payment options at We offer encrypted checkouts via credit cards & wallets to ensure your privacy. Shop with confidence now!","breadcrumb":{"@id":"https:\/\/www.getyourdiploma.net\/payment-methods\/#breadcrumb"},"inLanguage":"es","potentialAction":[{"@type":"ReadAction","target":["https:\/\/www.getyourdiploma.net\/payment-methods\/"]}]},{"@type":"ImageObject","inLanguage":"es","@id":"https:\/\/www.getyourdiploma.net\/payment-methods\/#primaryimage","url":"https:\/\/www.getyourdiploma.net\/wp-content\/uploads\/2025\/05\/Payment-methods.jpg","contentUrl":"https:\/\/www.getyourdiploma.net\/wp-content\/uploads\/2025\/05\/Payment-methods.jpg"},{"@type":"BreadcrumbList","@id":"https:\/\/www.getyourdiploma.net\/payment-methods\/#breadcrumb","itemListElement":[{"@type":"ListItem","position":1,"name":"Home","item":"https:\/\/www.getyourdiploma.net\/"},{"@type":"ListItem","position":2,"name":"Payment Methods"}]},{"@type":"WebSite","@id":"https:\/\/www.getyourdiploma.net\/#website","url":"https:\/\/www.getyourdiploma.net\/","name":"Get your diploma online|The Fastest Solution to Get Diploma","description":"","publisher":{"@id":"https:\/\/www.getyourdiploma.net\/#organization"},"potentialAction":[{"@type":"SearchAction","target":{"@type":"EntryPoint","urlTemplate":"https:\/\/www.getyourdiploma.net\/?s={search_term_string}"},"query-input":{"@type":"PropertyValueSpecification","valueRequired":true,"valueName":"search_term_string"}}],"inLanguage":"es"},{"@type":"Organization","@id":"https:\/\/www.getyourdiploma.net\/#organization","name":"Get your diploma online|The Fastest Solution to Get Diploma","url":"https:\/\/www.getyourdiploma.net\/","logo":{"@type":"ImageObject","inLanguage":"es","@id":"https:\/\/www.getyourdiploma.net\/#\/schema\/logo\/image\/","url":"https:\/\/www.getyourdiploma.net\/wp-content\/uploads\/2025\/05\/logo.jpg","contentUrl":"https:\/\/www.getyourdiploma.net\/wp-content\/uploads\/2025\/05\/logo.jpg","width":800,"height":662,"caption":"Get your diploma online|The Fastest Solution to Get Diploma"},"image":{"@id":"https:\/\/www.getyourdiploma.net\/#\/schema\/logo\/image\/"}}]}},"_links":{"self":[{"href":"https:\/\/www.getyourdiploma.net\/es\/wp-json\/wp\/v2\/pages\/26","targetHints":{"allow":["GET"]}}],"collection":[{"href":"https:\/\/www.getyourdiploma.net\/es\/wp-json\/wp\/v2\/pages"}],"about":[{"href":"https:\/\/www.getyourdiploma.net\/es\/wp-json\/wp\/v2\/types\/page"}],"author":[{"embeddable":true,"href":"https:\/\/www.getyourdiploma.net\/es\/wp-json\/wp\/v2\/users\/1"}],"replies":[{"embeddable":true,"href":"https:\/\/www.getyourdiploma.net\/es\/wp-json\/wp\/v2\/comments?post=26"}],"version-history":[{"count":1,"href":"https:\/\/www.getyourdiploma.net\/es\/wp-json\/wp\/v2\/pages\/26\/revisions"}],"predecessor-version":[{"id":4987,"href":"https:\/\/www.getyourdiploma.net\/es\/wp-json\/wp\/v2\/pages\/26\/revisions\/4987"}],"wp:attachment":[{"href":"https:\/\/www.getyourdiploma.net\/es\/wp-json\/wp\/v2\/media?parent=26"}],"curies":[{"name":"wp","href":"https:\/\/api.w.org\/{rel}","templated":true}]}}