{"id":24,"date":"2025-05-05T22:56:38","date_gmt":"2025-05-05T14:56:38","guid":{"rendered":"https:\/\/www.getyourdiploma.net\/?page_id=24"},"modified":"2026-04-23T03:30:22","modified_gmt":"2026-04-23T02:30:22","slug":"about-us","status":"publish","type":"page","link":"https:\/\/www.getyourdiploma.net\/es\/about-us\/","title":{"rendered":"SOBRE NOSOTROS"},"content":{"rendered":"<div data-elementor-type=\"wp-page\" data-elementor-id=\"24\" class=\"elementor elementor-24\" data-elementor-post-type=\"page\">\n\t\t\t\t<div class=\"elementor-element elementor-element-2e37b9b e-flex e-con-boxed e-con e-parent\" data-id=\"2e37b9b\" data-element_type=\"container\">\n\t\t\t\t\t<div class=\"e-con-inner\">\n\t\t\t\t<div class=\"elementor-element elementor-element-b833657 elementor-widget elementor-widget-heading\" data-id=\"b833657\" data-element_type=\"widget\" data-widget_type=\"heading.default\">\n\t\t\t\t\t<h1 class=\"elementor-heading-title elementor-size-default\">SOBRE NOSOTROS<\/h1>\t\t\t\t<\/div>\n\t\t\t\t<div class=\"elementor-element elementor-element-f450544 elementor-widget-divider--view-line elementor-widget elementor-widget-divider\" data-id=\"f450544\" data-element_type=\"widget\" data-widget_type=\"divider.default\">\n\t\t\t\t\t\t\t<div class=\"elementor-divider\">\n\t\t\t<span class=\"elementor-divider-separator\">\n\t\t\t\t\t\t<\/span>\n\t\t<\/div>\n\t\t\t\t\t\t<\/div>\n\t\t\t\t<div class=\"elementor-element elementor-element-d06210f elementor-widget elementor-widget-text-editor\" data-id=\"d06210f\" data-element_type=\"widget\" data-widget_type=\"text-editor.default\">\n\t\t\t\t\t\t\t\t\t<p>Since its establishment in 2015, getyourdiploma has focused on providing one-stop universitydiploma and transcript processing services for international students around the world.<\/p>\t\t\t\t\t\t\t\t<\/div>\n\t\t<div class=\"elementor-element elementor-element-e17130e e-con-full e-flex e-con e-child\" data-id=\"e17130e\" data-element_type=\"container\">\n\t\t\t\t<div class=\"elementor-element elementor-element-d0adb4b elementor-widget elementor-widget-image\" data-id=\"d0adb4b\" data-element_type=\"widget\" data-widget_type=\"image.default\">\n\t\t\t\t\t\t\t\t\t\t\t\t\t\t\t<img fetchpriority=\"high\" decoding=\"async\" width=\"800\" height=\"532\" src=\"https:\/\/www.getyourdiploma.net\/wp-content\/uploads\/2025\/05\/About-us-1-.jpg\" class=\"attachment-large size-large wp-image-409\" alt=\"\" srcset=\"https:\/\/www.getyourdiploma.net\/wp-content\/uploads\/2025\/05\/About-us-1-.jpg 800w, https:\/\/www.getyourdiploma.net\/wp-content\/uploads\/2025\/05\/About-us-1--300x200.jpg 300w, https:\/\/www.getyourdiploma.net\/wp-content\/uploads\/2025\/05\/About-us-1--768x511.jpg 768w\" sizes=\"(max-width: 800px) 100vw, 800px\" \/>\t\t\t\t\t\t\t\t\t\t\t\t\t\t\t<\/div>\n\t\t\t\t<div class=\"elementor-element elementor-element-34f5d84 elementor-widget elementor-widget-text-editor\" data-id=\"34f5d84\" data-element_type=\"widget\" data-widget_type=\"text-editor.default\">\n\t\t\t\t\t\t\t\t\t<p>Contamos con un equipo de dise\u00f1o experimentado, un equipo de ventas preciso y un equipo posventa profesional, y nos comprometemos a ofrecer a cada cliente un servicio completo y considerado. Nuestro equipo siempre se adhiere al principio de \u201cla calidad es lo primero\u201d para garantizar que todos los diplomas y transcripciones puedan lograr un efecto de restauraci\u00f3n perfecto.<\/p>\t\t\t\t\t\t\t\t<\/div>\n\t\t\t\t<\/div>\n\t\t<div class=\"elementor-element elementor-element-7fca933 e-con-full e-flex e-con e-child\" data-id=\"7fca933\" data-element_type=\"container\">\n\t\t\t\t<div class=\"elementor-element elementor-element-6405c1e elementor-widget elementor-widget-text-editor\" data-id=\"6405c1e\" data-element_type=\"widget\" data-widget_type=\"text-editor.default\">\n\t\t\t\t\t\t\t\t\t<p>Proporcionamos servicios personalizados de alta calidad en todo el mundo.Todos los pedidos se completan en un plazo de 7 d\u00edas, y se proporciona asistencia en l\u00ednea las 24 horas del d\u00eda para garantizar que los clientes puedan obtener ayuda en cualquier momento.Con el fin de que los clientes est\u00e9n m\u00e1s tranquilos, apoyamos los servicios de reembolso y aplicamos estrictamente la entrega confidencial. Una vez finalizado el pedido, los datos pertinentes se eliminar\u00e1n a tiempo para garantizar la seguridad de la informaci\u00f3n.<\/p>\t\t\t\t\t\t\t\t<\/div>\n\t\t\t\t<div class=\"elementor-element elementor-element-ee33512 elementor-widget elementor-widget-image\" data-id=\"ee33512\" data-element_type=\"widget\" data-widget_type=\"image.default\">\n\t\t\t\t\t\t\t\t\t\t\t\t\t\t\t<img decoding=\"async\" width=\"800\" height=\"800\" src=\"https:\/\/www.getyourdiploma.net\/wp-content\/uploads\/2025\/05\/About-us-2-.jpg\" class=\"attachment-large size-large wp-image-410\" alt=\"\" srcset=\"https:\/\/www.getyourdiploma.net\/wp-content\/uploads\/2025\/05\/About-us-2-.jpg 800w, https:\/\/www.getyourdiploma.net\/wp-content\/uploads\/2025\/05\/About-us-2--300x300.jpg 300w, https:\/\/www.getyourdiploma.net\/wp-content\/uploads\/2025\/05\/About-us-2--150x150.jpg 150w, https:\/\/www.getyourdiploma.net\/wp-content\/uploads\/2025\/05\/About-us-2--768x768.jpg 768w\" sizes=\"(max-width: 800px) 100vw, 800px\" \/>\t\t\t\t\t\t\t\t\t\t\t\t\t\t\t<\/div>\n\t\t\t\t<\/div>\n\t\t\t\t<div class=\"elementor-element elementor-element-ede2825 elementor-widget elementor-widget-text-editor\" data-id=\"ede2825\" data-element_type=\"widget\" data-widget_type=\"text-editor.default\">\n\t\t\t\t\t\t\t\t\t<p>Nuestro equipo de dise\u00f1o profesional domina una serie de procesos avanzados de fabricaci\u00f3n de certificados, como sellos de acero, estampaci\u00f3n en caliente del logotipo, marcas de agua, antifalsificaci\u00f3n, l\u00e1ser, fluorescencia ultravioleta, gofrado, microtexto, capas fluorescentes ultravioleta y elementos invisibles en relieve UV, etc., para garantizar que cada diploma tenga caracter\u00edsticas \u00fanicas contra la falsificaci\u00f3n y una textura de alta gama. Tanto en la elecci\u00f3n de los materiales como en el pulido de los detalles, nos esforzamos por seguir mejorando y ofrecer a los clientes los productos m\u00e1s satisfactorios.<\/p>\t\t\t\t\t\t\t\t<\/div>\n\t\t\t\t<div class=\"elementor-element elementor-element-cdee64d elementor-widget elementor-widget-image\" data-id=\"cdee64d\" data-element_type=\"widget\" data-widget_type=\"image.default\">\n\t\t\t\t\t\t\t\t\t\t\t\t\t\t\t<img decoding=\"async\" width=\"1200\" height=\"123\" src=\"https:\/\/www.getyourdiploma.net\/wp-content\/uploads\/2025\/05\/About-us-3-.jpg\" class=\"attachment-full size-full wp-image-420\" alt=\"\" srcset=\"https:\/\/www.getyourdiploma.net\/wp-content\/uploads\/2025\/05\/About-us-3-.jpg 1200w, https:\/\/www.getyourdiploma.net\/wp-content\/uploads\/2025\/05\/About-us-3--300x31.jpg 300w, https:\/\/www.getyourdiploma.net\/wp-content\/uploads\/2025\/05\/About-us-3--1024x105.jpg 1024w, https:\/\/www.getyourdiploma.net\/wp-content\/uploads\/2025\/05\/About-us-3--768x79.jpg 768w\" sizes=\"(max-width: 1200px) 100vw, 1200px\" \/>\t\t\t\t\t\t\t\t\t\t\t\t\t\t\t<\/div>\n\t\t\t\t<div class=\"elementor-element elementor-element-60667b3 elementor-widget elementor-widget-text-editor\" data-id=\"60667b3\" data-element_type=\"widget\" data-widget_type=\"text-editor.default\">\n\t\t\t\t\t\t\t\t\t<p>Con diversos m\u00e9todos de pago y c\u00f3modos procesos de servicio, todos los clientes pueden disfrutar de una experiencia de servicio de alta calidad y sin preocupaciones. No importa d\u00f3nde se encuentre, podemos entregar su diploma de forma segura a trav\u00e9s de servicios de log\u00edstica r\u00e1pida, ayudando a los estudiantes internacionales a resolver f\u00e1cilmente los problemas acad\u00e9micos y abrir un espacio de desarrollo de carrera m\u00e1s amplio. Elegir Dd Diploma significa elegir profesionalidad, fiabilidad y tranquilidad\uff01.<\/p>\t\t\t\t\t\t\t\t<\/div>\n\t\t\t\t\t<\/div>\n\t\t\t\t<\/div>\n\t\t\t\t<\/div>","protected":false},"excerpt":{"rendered":"<p>Since its establishment in 2015, getyourdiploma has focused on providing one-stop universitydiploma and transcript processing services for international students around the world. We have an experienced design team, a precise sales team and aprofessional after-sales team, and are committed to providing everycustomer with full and considerate service. Our team alwaysadheres to the principle of &#8220;quality [&hellip;]<\/p>\n","protected":false},"author":1,"featured_media":0,"parent":0,"menu_order":0,"comment_status":"closed","ping_status":"closed","template":"","meta":{"footnotes":""},"class_list":["post-24","page","type-page","status-publish","hentry"],"yoast_head":"<!-- This site is optimized with the Yoast SEO plugin v27.4 - https:\/\/yoast.com\/product\/yoast-seo-wordpress\/ -->\n<title>About [getyourdiploma] | 10+ Years of Excellence in High-Quality Custom Document Replicas<\/title>\n<meta name=\"description\" content=\"Discover [getyourdiploma], the industry leader in premium custom replicas. We specialize in high-fidelity textures, gold foiling, and security patterns. With 10+ years of expertise and global shipping, we ensure unmatched quality and privacy for every client. Contact our expert team today for your personalized solution!\" \/>\n<meta name=\"robots\" content=\"index, follow, max-snippet:-1, max-image-preview:large, max-video-preview:-1\" \/>\n<link rel=\"canonical\" href=\"https:\/\/www.getyourdiploma.net\/es\/about-us\/\" \/>\n<meta property=\"og:locale\" content=\"es_ES\" \/>\n<meta property=\"og:type\" content=\"article\" \/>\n<meta property=\"og:title\" content=\"About [getyourdiploma] | 10+ Years of Excellence in High-Quality Custom Document Replicas\" \/>\n<meta property=\"og:description\" content=\"Discover [getyourdiploma], the industry leader in premium custom replicas. We specialize in high-fidelity textures, gold foiling, and security patterns. With 10+ years of expertise and global shipping, we ensure unmatched quality and privacy for every client. Contact our expert team today for your personalized solution!\" \/>\n<meta property=\"og:url\" content=\"https:\/\/www.getyourdiploma.net\/es\/about-us\/\" \/>\n<meta property=\"og:site_name\" content=\"Get your diploma online|The Fastest Solution to Get Diploma\" \/>\n<meta property=\"article:modified_time\" content=\"2026-04-23T02:30:22+00:00\" \/>\n<meta property=\"og:image\" content=\"https:\/\/www.getyourdiploma.net\/wp-content\/uploads\/2025\/05\/About-us-1-.jpg\" \/>\n<meta name=\"twitter:card\" content=\"summary_large_image\" \/>\n<meta name=\"twitter:label1\" content=\"Tiempo de lectura\" \/>\n\t<meta name=\"twitter:data1\" content=\"2 minutos\" \/>\n<script type=\"application\/ld+json\" class=\"yoast-schema-graph\">{\"@context\":\"https:\\\/\\\/schema.org\",\"@graph\":[{\"@type\":\"WebPage\",\"@id\":\"https:\\\/\\\/www.getyourdiploma.net\\\/about-us\\\/\",\"url\":\"https:\\\/\\\/www.getyourdiploma.net\\\/about-us\\\/\",\"name\":\"About [getyourdiploma] | 10+ Years of Excellence in High-Quality Custom Document Replicas\",\"isPartOf\":{\"@id\":\"https:\\\/\\\/www.getyourdiploma.net\\\/#website\"},\"primaryImageOfPage\":{\"@id\":\"https:\\\/\\\/www.getyourdiploma.net\\\/about-us\\\/#primaryimage\"},\"image\":{\"@id\":\"https:\\\/\\\/www.getyourdiploma.net\\\/about-us\\\/#primaryimage\"},\"thumbnailUrl\":\"https:\\\/\\\/www.getyourdiploma.net\\\/wp-content\\\/uploads\\\/2025\\\/05\\\/About-us-1-.jpg\",\"datePublished\":\"2025-05-05T14:56:38+00:00\",\"dateModified\":\"2026-04-23T02:30:22+00:00\",\"description\":\"Discover [getyourdiploma], the industry leader in premium custom replicas. We specialize in high-fidelity textures, gold foiling, and security patterns. With 10+ years of expertise and global shipping, we ensure unmatched quality and privacy for every client. Contact our expert team today for your personalized solution!\",\"breadcrumb\":{\"@id\":\"https:\\\/\\\/www.getyourdiploma.net\\\/about-us\\\/#breadcrumb\"},\"inLanguage\":\"es\",\"potentialAction\":[{\"@type\":\"ReadAction\",\"target\":[\"https:\\\/\\\/www.getyourdiploma.net\\\/about-us\\\/\"]}]},{\"@type\":\"ImageObject\",\"inLanguage\":\"es\",\"@id\":\"https:\\\/\\\/www.getyourdiploma.net\\\/about-us\\\/#primaryimage\",\"url\":\"https:\\\/\\\/www.getyourdiploma.net\\\/wp-content\\\/uploads\\\/2025\\\/05\\\/About-us-1-.jpg\",\"contentUrl\":\"https:\\\/\\\/www.getyourdiploma.net\\\/wp-content\\\/uploads\\\/2025\\\/05\\\/About-us-1-.jpg\"},{\"@type\":\"BreadcrumbList\",\"@id\":\"https:\\\/\\\/www.getyourdiploma.net\\\/about-us\\\/#breadcrumb\",\"itemListElement\":[{\"@type\":\"ListItem\",\"position\":1,\"name\":\"Home\",\"item\":\"https:\\\/\\\/www.getyourdiploma.net\\\/\"},{\"@type\":\"ListItem\",\"position\":2,\"name\":\"ABOUT US\"}]},{\"@type\":\"WebSite\",\"@id\":\"https:\\\/\\\/www.getyourdiploma.net\\\/#website\",\"url\":\"https:\\\/\\\/www.getyourdiploma.net\\\/\",\"name\":\"Get your diploma online|The Fastest Solution to Get Diploma\",\"description\":\"\",\"publisher\":{\"@id\":\"https:\\\/\\\/www.getyourdiploma.net\\\/#organization\"},\"potentialAction\":[{\"@type\":\"SearchAction\",\"target\":{\"@type\":\"EntryPoint\",\"urlTemplate\":\"https:\\\/\\\/www.getyourdiploma.net\\\/?s={search_term_string}\"},\"query-input\":{\"@type\":\"PropertyValueSpecification\",\"valueRequired\":true,\"valueName\":\"search_term_string\"}}],\"inLanguage\":\"es\"},{\"@type\":\"Organization\",\"@id\":\"https:\\\/\\\/www.getyourdiploma.net\\\/#organization\",\"name\":\"Get your diploma online|The Fastest Solution to Get Diploma\",\"url\":\"https:\\\/\\\/www.getyourdiploma.net\\\/\",\"logo\":{\"@type\":\"ImageObject\",\"inLanguage\":\"es\",\"@id\":\"https:\\\/\\\/www.getyourdiploma.net\\\/#\\\/schema\\\/logo\\\/image\\\/\",\"url\":\"https:\\\/\\\/www.getyourdiploma.net\\\/wp-content\\\/uploads\\\/2025\\\/05\\\/logo.jpg\",\"contentUrl\":\"https:\\\/\\\/www.getyourdiploma.net\\\/wp-content\\\/uploads\\\/2025\\\/05\\\/logo.jpg\",\"width\":800,\"height\":662,\"caption\":\"Get your diploma online|The Fastest Solution to Get Diploma\"},\"image\":{\"@id\":\"https:\\\/\\\/www.getyourdiploma.net\\\/#\\\/schema\\\/logo\\\/image\\\/\"}}]}<\/script>\n<!-- \/ Yoast SEO plugin. -->","yoast_head_json":{"title":"About [getyourdiploma] | 10+ Years of Excellence in High-Quality Custom Document Replicas","description":"Discover [getyourdiploma], the industry leader in premium custom replicas. We specialize in high-fidelity textures, gold foiling, and security patterns. With 10+ years of expertise and global shipping, we ensure unmatched quality and privacy for every client. Contact our expert team today for your personalized solution!","robots":{"index":"index","follow":"follow","max-snippet":"max-snippet:-1","max-image-preview":"max-image-preview:large","max-video-preview":"max-video-preview:-1"},"canonical":"https:\/\/www.getyourdiploma.net\/es\/about-us\/","og_locale":"es_ES","og_type":"article","og_title":"About [getyourdiploma] | 10+ Years of Excellence in High-Quality Custom Document Replicas","og_description":"Discover [getyourdiploma], the industry leader in premium custom replicas. We specialize in high-fidelity textures, gold foiling, and security patterns. With 10+ years of expertise and global shipping, we ensure unmatched quality and privacy for every client. Contact our expert team today for your personalized solution!","og_url":"https:\/\/www.getyourdiploma.net\/es\/about-us\/","og_site_name":"Get your diploma online|The Fastest Solution to Get Diploma","article_modified_time":"2026-04-23T02:30:22+00:00","og_image":[{"url":"https:\/\/www.getyourdiploma.net\/wp-content\/uploads\/2025\/05\/About-us-1-.jpg","type":"","width":"","height":""}],"twitter_card":"summary_large_image","twitter_misc":{"Tiempo de lectura":"2 minutos"},"schema":{"@context":"https:\/\/schema.org","@graph":[{"@type":"WebPage","@id":"https:\/\/www.getyourdiploma.net\/about-us\/","url":"https:\/\/www.getyourdiploma.net\/about-us\/","name":"About [getyourdiploma] | 10+ Years of Excellence in High-Quality Custom Document Replicas","isPartOf":{"@id":"https:\/\/www.getyourdiploma.net\/#website"},"primaryImageOfPage":{"@id":"https:\/\/www.getyourdiploma.net\/about-us\/#primaryimage"},"image":{"@id":"https:\/\/www.getyourdiploma.net\/about-us\/#primaryimage"},"thumbnailUrl":"https:\/\/www.getyourdiploma.net\/wp-content\/uploads\/2025\/05\/About-us-1-.jpg","datePublished":"2025-05-05T14:56:38+00:00","dateModified":"2026-04-23T02:30:22+00:00","description":"Discover [getyourdiploma], the industry leader in premium custom replicas. We specialize in high-fidelity textures, gold foiling, and security patterns. With 10+ years of expertise and global shipping, we ensure unmatched quality and privacy for every client. Contact our expert team today for your personalized solution!","breadcrumb":{"@id":"https:\/\/www.getyourdiploma.net\/about-us\/#breadcrumb"},"inLanguage":"es","potentialAction":[{"@type":"ReadAction","target":["https:\/\/www.getyourdiploma.net\/about-us\/"]}]},{"@type":"ImageObject","inLanguage":"es","@id":"https:\/\/www.getyourdiploma.net\/about-us\/#primaryimage","url":"https:\/\/www.getyourdiploma.net\/wp-content\/uploads\/2025\/05\/About-us-1-.jpg","contentUrl":"https:\/\/www.getyourdiploma.net\/wp-content\/uploads\/2025\/05\/About-us-1-.jpg"},{"@type":"BreadcrumbList","@id":"https:\/\/www.getyourdiploma.net\/about-us\/#breadcrumb","itemListElement":[{"@type":"ListItem","position":1,"name":"Home","item":"https:\/\/www.getyourdiploma.net\/"},{"@type":"ListItem","position":2,"name":"ABOUT US"}]},{"@type":"WebSite","@id":"https:\/\/www.getyourdiploma.net\/#website","url":"https:\/\/www.getyourdiploma.net\/","name":"Get your diploma online|The Fastest Solution to Get Diploma","description":"","publisher":{"@id":"https:\/\/www.getyourdiploma.net\/#organization"},"potentialAction":[{"@type":"SearchAction","target":{"@type":"EntryPoint","urlTemplate":"https:\/\/www.getyourdiploma.net\/?s={search_term_string}"},"query-input":{"@type":"PropertyValueSpecification","valueRequired":true,"valueName":"search_term_string"}}],"inLanguage":"es"},{"@type":"Organization","@id":"https:\/\/www.getyourdiploma.net\/#organization","name":"Get your diploma online|The Fastest Solution to Get Diploma","url":"https:\/\/www.getyourdiploma.net\/","logo":{"@type":"ImageObject","inLanguage":"es","@id":"https:\/\/www.getyourdiploma.net\/#\/schema\/logo\/image\/","url":"https:\/\/www.getyourdiploma.net\/wp-content\/uploads\/2025\/05\/logo.jpg","contentUrl":"https:\/\/www.getyourdiploma.net\/wp-content\/uploads\/2025\/05\/logo.jpg","width":800,"height":662,"caption":"Get your diploma online|The Fastest Solution to Get Diploma"},"image":{"@id":"https:\/\/www.getyourdiploma.net\/#\/schema\/logo\/image\/"}}]}},"_links":{"self":[{"href":"https:\/\/www.getyourdiploma.net\/es\/wp-json\/wp\/v2\/pages\/24","targetHints":{"allow":["GET"]}}],"collection":[{"href":"https:\/\/www.getyourdiploma.net\/es\/wp-json\/wp\/v2\/pages"}],"about":[{"href":"https:\/\/www.getyourdiploma.net\/es\/wp-json\/wp\/v2\/types\/page"}],"author":[{"embeddable":true,"href":"https:\/\/www.getyourdiploma.net\/es\/wp-json\/wp\/v2\/users\/1"}],"replies":[{"embeddable":true,"href":"https:\/\/www.getyourdiploma.net\/es\/wp-json\/wp\/v2\/comments?post=24"}],"version-history":[{"count":5,"href":"https:\/\/www.getyourdiploma.net\/es\/wp-json\/wp\/v2\/pages\/24\/revisions"}],"predecessor-version":[{"id":4983,"href":"https:\/\/www.getyourdiploma.net\/es\/wp-json\/wp\/v2\/pages\/24\/revisions\/4983"}],"wp:attachment":[{"href":"https:\/\/www.getyourdiploma.net\/es\/wp-json\/wp\/v2\/media?parent=24"}],"curies":[{"name":"wp","href":"https:\/\/api.w.org\/{rel}","templated":true}]}}